{"id":99,"date":"2013-12-24T10:32:28","date_gmt":"2013-12-24T10:32:28","guid":{"rendered":"http:\/\/192.168.99.9\/wordpress\/?page_id=95"},"modified":"2024-09-03T15:23:00","modified_gmt":"2024-09-03T14:23:00","slug":"geschichte","status":"publish","type":"page","link":"http:\/\/fcb-fanclub.de\/?page_id=99","title":{"rendered":"Geschichte"},"content":{"rendered":"<h2><span style=\"text-decoration: underline;\"><strong>1991<\/strong><\/span><\/h2>\n<p>Die Gr\u00fcndung war am 10.04.1991 im Schlo\u00dfbr\u00e4ukeller Au\/Hallertau. Gr\u00fcndungsmitglieder waren<\/p>\n<ul>\n<li>Vogler Norbert<\/li>\n<li>Beischl Sebastian<\/li>\n<li>Ebensperger Stefan<\/li>\n<li>Promberger Helmut<\/li>\n<li>Schreiner Hans<\/li>\n<li>Baur Tom<\/li>\n<\/ul>\n<p>Selbtverst\u00e4ndlich wurde jedes Heimspiel des FC Bayern besucht. Es gab die erste organisierte Busfahrt in ein Heimspiel gegen N\u00fcrnberg. Im Oktober 1991 fand ein Fu\u00dfballspiel gegen die Narrhalla Au statt, das mit 5:3 zu Gunsten unseres Clubs entschieden wurde.<br \/>\nEs gab Treffen in einem 14-t\u00e4gigen Abstand im Schlo\u00dfbr\u00e4ukeller.<\/p>\n<p>&nbsp;<\/p>\n<h2><span style=\"text-decoration: underline;\"><strong>1992<\/strong><\/span><\/h2>\n<p>Erstmals wurde bei einem Fanclub Turnier in Reichertshofen (18.\/19. Juli) teilgenommen.&nbsp; Das Turnier wurde mit einem erfolgreichen 2. Platz abgeschlossen. In diesem Jahr stieg die Mitgliederzahl stark an, wodurch auch zwei Busfahrten nach M\u00fcnchen stark besucht waren (40 und 33 Teilnehmer). Ende 1992 hatte der Club 25 Mitglieder, wobei noch keine<br \/>\nBeitr\u00e4ge erhoben wurden.<\/p>\n<p>&nbsp;<\/p>\n<h2><span style=\"text-decoration: underline;\"><span style=\"text-decoration: underline;\"><strong>1993<\/strong><\/span><\/span><\/h2>\n<p>Es wurde freudig vernommen, dass die Beiteiligung bei den Stadionbesuchen stark zunahm. Im Mai 1993 wurde erstmalig am offiziellen Fanclub Turnier des FC Bayern (Opel Cup) teilgenommen, welches am 20. Mai in Straubing stattgefunden hat. Unter den 24 teilnehmenden Mannschaften wurde ein hervorragender f\u00fcnfter Platz belegt.<br \/>\nBusfahrten nach M\u00fcnchen:<\/p>\n<ul>\n<li>Leverkusen, 21 Teilnehmer<\/li>\n<li>Bochum, 31 Teilnehmer<\/li>\n<li>N\u00fcrnberg, 44 Teilnehmer<\/li>\n<\/ul>\n<p>Es fand auch die erste Ausw\u00e4rtsfahrt nach Gelsenkirchen statt. Das Spiel gegen Schalke lie\u00dfen sich 10 Leute des Fanclubs nicht entgehen.<br \/>\nDer Stammtisch wurde vor\u00fcbergehend ins Sportheim des TSV Au verlegt. Ende des Jahres wurde eine Beitragserhebung von 20 D-Mark beschlossen. Deshalb wurde bei<br \/>\nder Raiffeisenbank ein eigenes Konto er\u00f6ffnet. Der Beitrag wird per Einzugserm\u00e4chtigung eingeholt.<br \/>\nMitglieder hatte der Club Ende des Jahres 33<\/p>\n<p>&nbsp;<\/p>\n<h2><strong><span style=\"text-decoration: underline;\">1994<\/span><\/strong><\/h2>\n<p>Ab Januar galt die beschlossene Beitragserh\u00f6hung von 20 D-Mark. Jugendliche unter 18 waren Beitragsfrei, was dazu f\u00fchrte, dass die Mitgliederzahl weiterhin anstieg!<br \/>\nAb diesem Zeitpunkt werden regelm\u00e4\u00dfige Busfahrten durchgef\u00fchrt. Highlight war der 7. Mai, als der FCB deutscher Meister wurde (gegen S04 &#8211; 55 Teilnehmer). Anschlie\u00dfend fand im Schlossbr\u00e4ukeller die Meisterfeier statt !!<br \/>\nIm Juni belegte man beim Fanclub Turnier in Geisenfeld Platz 2. Am 22. Juni fand das 1. Fanclub Grillfest mit 70 Leuten statt, was ein sehr gro\u00dfer Erfolg war.<br \/>\nEin weiterer H\u00f6hepunkt war der Besuch der Derby&#8217;s gegen 1860 wo wiederum 55 Fans dabei waren. Eine Notl\u00f6sung musste beim Stammtisch her. Dieser fand nun 14-t\u00e4gig im Bergsteffl-Nebenzimmer statt.<\/p>\n<p>&nbsp;<\/p>\n<h2><strong><span style=\"text-decoration: underline;\">1995<\/span><\/strong><\/h2>\n<p>Am 13. Januar fand die 1. offizielle Jahreshauptversammlung statt (32 von 85 Mitgliedern anwesend). Gew\u00e4hlt wurden 1. und 2. Vorstand, Schriftf\u00fchrer, Kassier, Kassenpr\u00fcfer und Vergn\u00fcgungsausschuss. Es wurden zum ersten mal Trikots f\u00fcr den Fanclub gesponsert.<br \/>\nInsgesamt wurden 14 Busfahrten mt durchschnittlich 40 Teilnehmern durchgef\u00fchrt. H\u00f6hepunkt hierbei war der Besuch der Derbys gegen 1860 mit zwei Bussen und 86 Leuten.<br \/>\nWeitere Aktivit\u00e4ten waren:<\/p>\n<ul>\n<li>Brauereif\u00fchrung (Emsche) mit 30 Teilnehmern<\/li>\n<li>Hallenturnier Ammersee (2. Platz, Selle organisiert)<\/li>\n<li>Flug nach G\u00f6teborg (10 Teilnehmer, Wast organisiert)<br \/>\nBayern kommt weiter, Feier im Bigaudara<\/li>\n<li>verschiedene Turniere:<br \/>\nM\u00fcnchsm\u00fcnster (6. Platz)<br \/>\nGeisenfeld (6. Platz)<br \/>\neigenes Pokalturnier (2. Platz)<br \/>\nMarktmeisterschaft Au (3. Platz)<\/li>\n<\/ul>\n<p>&nbsp;<\/p>\n<h2><strong><span style=\"text-decoration: underline;\">1996<\/span><\/strong><\/h2>\n<p>Am 13.01. verl\u00e4uft die Jahreshauptversammlung planm\u00e4\u00dfig ohne Neuwahlen (32 Teilnehmer). Ab dem 17.02. gab es &#8220;Premiere&#8221; im Sportheim, von unserem Fanclub organisiert und bezahlt. Es wurde wieder am Hallenturnier in Diessen am Ammersee teilgenommen (7. Platz).&nbsp; Ausw\u00e4rtsfahrten waren nach Freiburg, M\u00f6nchengladbach und als Highlight ins UEFA Cup Halbfinale nach Barcelona.<br \/>\nAm 15. Mai fand eine Riesenparty im Sportheim des TSV statt, als der FCB UEFA Cup Sieger 1996 wurde. Dieses Spektakel feierten 120 Leute, die das Finale auf Gro\u00dfleinwand verfolgten.<br \/>\nTurniere waren in Siegenburg (9. von 16) und das Turnier der Holledauer L\u00f6wen (3. Platz).<br \/>\nEs waren insgesamt 17 Busfahrten mit durchschnittlich 43 Teilnehmern!!!<br \/>\nSkiausflug vom 2.2. &#8211; 4.2.. Bei einem Spanferkelessen zahlte&nbsp;Fertl Alois seine Wettschulden!<br \/>\nEs fand weiterhin leider keine Weihnachtsfeier statt.<br \/>\nFanclub Treff: Ab August Umbau im TSV Sportheim wo ein Fanclub Treff mit &#8220;Premiere&#8221;, Bar usw. eigerichtet wurde.<\/p>\n<p>&nbsp;<\/p>\n<h2><strong><span style=\"text-decoration: underline;\"><span style=\"text-decoration: underline;\">1997<\/span><\/span><\/strong><\/h2>\n<p>Das Fanst\u00fcberl (im TSV Vereinsheim)&nbsp;wurde am 20. Januar fertiggestellt. Am 14. Februar fand die Jahreshauptversammlung mit Spanferkelessen und Einweihungsparty statt. Es wurde wieder ein regelm\u00e4\u00dfiger Stammtisch eingef\u00fchrt. Dieser fand jeden Freitag ab 19:30 Uhr im Sportheim statt. Mitgliederstand: 146!!!<\/p>\n<p>&nbsp;<\/p>\n<h2><strong><span style=\"text-decoration: underline;\">1998<\/span><\/strong><\/h2>\n<p>Trotz Einrichtung eines Fanst\u00fcberls im TSV Vereinsheim,war es immer noch f\u00fcr die meisten Mitglieder ein Traum, ein eigenes Clubheim zu errichten. Busfahrten zu den Spielen wurden sehr gut angenommen, alle Heimspiele und diverse Ausw\u00e4rtsfahrten (Hamburg, Bremen, Bochum) wurden mit dem Bus unternommen.<\/p>\n<p>Marktmeisterschaft&nbsp; 3.Platz ! \/ Mitgliederstand : 162! Ansonsten ein eher ruhiges Fan-Club Jahr,bestimmt durch die Suche nach einer \u00d6rtlichkeit f\u00fcr ein eigenes Clubheim.<\/p>\n<p>&nbsp;<\/p>\n<h2><strong><span style=\"text-decoration: underline;\"><span style=\"text-decoration: underline;\">1999<\/span><\/span><\/strong><\/h2>\n<p>Mitte 1999 war es endlich soweit: Xaver H\u00f6pfl hatte eine m\u00f6gliche \u00d6rtlichkeit gefunden. Im ehemaligen landwirtschaftlichen Geb\u00e4ude des Mally Hofes bekamen wir die M\u00f6glichkeit,ein eigenes Clubheim zu bauen. Nach halbj\u00e4hriger Bauzeit, vielen ehrenamtlichen Stunden, sehr viel Eigeninitiative (einige Mitglieder leisteten sogar finanziellen Vorschuss), wurde unser Clubheim Ende 1999 fertiggestellt.<\/p>\n<p>Dank an die vielen Helfer, vor allen Dingen an die oiden BFC&#8217;ler (Selle, Emsche, Jason, Watson, Tom, Randy Andy, Promme, FraXa usw.)!<\/p>\n<p>Mitgliederstand :182<\/p>\n<p>Sonstige Aktivit\u00e4ten:<\/p>\n<ul>\n<li>alle Heimspiele mit durchschnittlich 35 Leuten besucht<\/li>\n<li>Juli Grillfest<\/li>\n<li>Marktmeisterschaft 2.Platz<\/li>\n<li>\u00dcbertragung CL Finale Bayern-Manchester auf Grossbildleinwand im Mally Hof (ca.250 Besucher). Die &#8220;Mutter&#8221;aller Niederlagen !!<\/li>\n<\/ul>\n<p>&nbsp;<\/p>\n<h2><span style=\"text-decoration: underline;\"><strong><span style=\"text-decoration: underline;\">2000<\/span><\/strong><\/span><\/h2>\n<p>Das neue,eigene Clubheim beim Mally entwickelt sich zum absoluten Treff f\u00fcr alle Bayern Fans in Au und Umgebung. Gerade an Spieltagen platzt das St\u00fcberl fast aus allen N\u00e4hten, an Samstag Nachmittagen sind \u00f6fters nahezu bis zu 100 Fans im St\u00fcberl, um die Bayern zu sehen.<\/p>\n<p>Bereits Mitte 2000 reift der Plan, das St\u00fcberl zu vergr\u00f6ssern, was aber aufgrund der noch angespannten finanziellen Situation wegen des Neubaus verworfen wird.<\/p>\n<p>Aktivit\u00e4ten 2000 :<\/p>\n<ul>\n<li>1.Juli eigenes Kleinfeldturnier mit 8 Mannschaften<\/li>\n<li>Teilnahme Kleinfeldturnier in Tegernbach (1.Platz )<\/li>\n<li>Marktmeisterschaft ( 1.Platz )<\/li>\n<li>Helferfest wg. Clubheimbau<\/li>\n<li>Teilnahme am Festumzug der Marktgemeinde (650 Jahre)<\/li>\n<li>Kleinfeldturnier in M\u00fcnchsm\u00fcnster ( 8.Platz )<\/li>\n<\/ul>\n<p>Alle Heimspiele wie immer mit Bus und \u00fcber 40 Teilnehmern durchschnittlich besucht !!!<\/p>\n<p>Mitgliederstand : 205<\/p>\n<p>Neuwahlen : Nachdem Gr\u00fcndungsmitglied und Gr\u00fcndungsvorstand Norbert Vogler nach 9 Jahren als Vorstand zur\u00fccktrat,wurde ein neuer Vorstand gew\u00e4hlt. Mit Franz-Xaver H\u00f6pfl wurde auch gleich ein \u00e4usserst engagierter und f\u00e4higer neuer Vorstand gefunden und einstimmig gew\u00e4hlt.<\/p>\n<p>Vorstandschaft 2000:<\/p>\n<ul>\n<li>1.Vorstand Franz-Xaver H\u00f6pfl (wahrscheinlich Deutschlands dickster Bayern Fan !!)<\/li>\n<li>2.Vorstand Christian Sellmaier (evtl. Deutschlands 2.dickster Bayern Fan !!)<\/li>\n<li>Schriftf\u00fchrer: Andreas Maier<\/li>\n<li>Kassier: Helmut &#8220;Promme&#8221;Promberger<\/li>\n<li>Ausschuss: Stefan Ebensperger, Tom Baur, Michael Bauer, Matthias &#8220;Gille&#8221; Angermaier, Michael Seidl, Alois Fertl<\/li>\n<li>Kassenpr\u00fcferin: Iris Limmer<\/li>\n<\/ul>\n<p>&nbsp;<\/p>\n<h2><strong><span style=\"text-decoration: underline;\">2001<\/span><\/strong><\/h2>\n<p>&#8230;. folgt &#8230;.<\/p>\n","protected":false},"excerpt":{"rendered":"<p>1991 Die Gr\u00fcndung war am 10.04.1991 im Schlo\u00dfbr\u00e4ukeller Au\/Hallertau. Gr\u00fcndungsmitglieder waren Vogler Norbert Beischl Sebastian Ebensperger Stefan Promberger Helmut Schreiner Hans Baur Tom Selbtverst\u00e4ndlich wurde jedes Heimspiel des FC Bayern besucht. Es gab die erste organisierte Busfahrt in ein Heimspiel &hellip; <a href=\"http:\/\/fcb-fanclub.de\/?page_id=99\">Weiterlesen <span class=\"meta-nav\">&rarr;<\/span><\/a><\/p>\n","protected":false},"author":8,"featured_media":0,"parent":98,"menu_order":3,"comment_status":"closed","ping_status":"open","template":"","meta":{"ngg_post_thumbnail":0},"_links":{"self":[{"href":"http:\/\/fcb-fanclub.de\/index.php?rest_route=\/wp\/v2\/pages\/99"}],"collection":[{"href":"http:\/\/fcb-fanclub.de\/index.php?rest_route=\/wp\/v2\/pages"}],"about":[{"href":"http:\/\/fcb-fanclub.de\/index.php?rest_route=\/wp\/v2\/types\/page"}],"author":[{"embeddable":true,"href":"http:\/\/fcb-fanclub.de\/index.php?rest_route=\/wp\/v2\/users\/8"}],"replies":[{"embeddable":true,"href":"http:\/\/fcb-fanclub.de\/index.php?rest_route=%2Fwp%2Fv2%2Fcomments&post=99"}],"version-history":[{"count":3,"href":"http:\/\/fcb-fanclub.de\/index.php?rest_route=\/wp\/v2\/pages\/99\/revisions"}],"predecessor-version":[{"id":3592,"href":"http:\/\/fcb-fanclub.de\/index.php?rest_route=\/wp\/v2\/pages\/99\/revisions\/3592"}],"up":[{"embeddable":true,"href":"http:\/\/fcb-fanclub.de\/index.php?rest_route=\/wp\/v2\/pages\/98"}],"wp:attachment":[{"href":"http:\/\/fcb-fanclub.de\/index.php?rest_route=%2Fwp%2Fv2%2Fmedia&parent=99"}],"curies":[{"name":"wp","href":"https:\/\/api.w.org\/{rel}","templated":true}]}}