{"id":100,"date":"2013-12-24T10:32:52","date_gmt":"2013-12-24T10:32:52","guid":{"rendered":"http:\/\/192.168.99.9\/wordpress\/?page_id=97"},"modified":"2025-01-16T16:51:53","modified_gmt":"2025-01-16T15:51:53","slug":"suberl","status":"publish","type":"page","link":"http:\/\/fcb-fanclub.de\/?page_id=100","title":{"rendered":"St\u00fcberl"},"content":{"rendered":"<p>Das Clubheim des Bayern Fanclub Au\/Hallertau wurde am 14.02.2000 er\u00f6ffnet und ist seit dem der Treffpunkt f\u00fcr alle Mitglieder des Fanclubs.<\/p>\n<p><strong>\u00d6ffnungszeiten<\/strong><br>mindestens 30 min vor Anpfiff aller Bayern-Spiele<br>Untere Hauptstra\u00dfe 20 |&nbsp;84072 Au\/Hallertau<\/p>\n<p>Hier einige Eindr\u00fccke aus unserem St\u00fcberl&#8230;<\/p>\n\n\n<figure class=\"is-layout-flex wp-block-gallery-1 wp-block-gallery has-nested-images columns-default is-cropped\">\n<figure class=\"wp-block-image size-large\"><a href=\"http:\/\/fcb-fanclub.de\/wp-content\/uploads\/2025\/01\/IMG_8636-scaled.jpg\"><img decoding=\"async\" loading=\"lazy\" width=\"1024\" height=\"768\" data-id=\"3624\"  src=\"http:\/\/fcb-fanclub.de\/wp-content\/uploads\/2025\/01\/IMG_8636-1024x768.jpg\" alt=\"\" class=\"wp-image-3624\" srcset=\"http:\/\/fcb-fanclub.de\/wp-content\/uploads\/2025\/01\/IMG_8636-1024x768.jpg 1024w, http:\/\/fcb-fanclub.de\/wp-content\/uploads\/2025\/01\/IMG_8636-300x225.jpg 300w, http:\/\/fcb-fanclub.de\/wp-content\/uploads\/2025\/01\/IMG_8636-768x576.jpg 768w, http:\/\/fcb-fanclub.de\/wp-content\/uploads\/2025\/01\/IMG_8636-1536x1152.jpg 1536w, http:\/\/fcb-fanclub.de\/wp-content\/uploads\/2025\/01\/IMG_8636-2048x1536.jpg 2048w, http:\/\/fcb-fanclub.de\/wp-content\/uploads\/2025\/01\/IMG_8636-400x300.jpg 400w\" sizes=\"(max-width: 1024px) 100vw, 1024px\" \/><\/a><\/figure>\n\n\n\n<figure class=\"wp-block-image size-large\"><a href=\"http:\/\/fcb-fanclub.de\/wp-content\/uploads\/2025\/01\/IMG_8635-scaled.jpg\"><img decoding=\"async\" loading=\"lazy\" width=\"1024\" height=\"768\" data-id=\"3625\"  src=\"http:\/\/fcb-fanclub.de\/wp-content\/uploads\/2025\/01\/IMG_8635-1024x768.jpg\" alt=\"\" class=\"wp-image-3625\" srcset=\"http:\/\/fcb-fanclub.de\/wp-content\/uploads\/2025\/01\/IMG_8635-1024x768.jpg 1024w, http:\/\/fcb-fanclub.de\/wp-content\/uploads\/2025\/01\/IMG_8635-300x225.jpg 300w, http:\/\/fcb-fanclub.de\/wp-content\/uploads\/2025\/01\/IMG_8635-768x576.jpg 768w, http:\/\/fcb-fanclub.de\/wp-content\/uploads\/2025\/01\/IMG_8635-1536x1152.jpg 1536w, http:\/\/fcb-fanclub.de\/wp-content\/uploads\/2025\/01\/IMG_8635-2048x1536.jpg 2048w, http:\/\/fcb-fanclub.de\/wp-content\/uploads\/2025\/01\/IMG_8635-400x300.jpg 400w\" sizes=\"(max-width: 1024px) 100vw, 1024px\" \/><\/a><\/figure>\n\n\n\n<figure class=\"wp-block-image size-large\"><a href=\"http:\/\/fcb-fanclub.de\/wp-content\/uploads\/2025\/01\/IMG_8637-scaled.jpg\"><img decoding=\"async\" loading=\"lazy\" width=\"1024\" height=\"768\" data-id=\"3623\"  src=\"http:\/\/fcb-fanclub.de\/wp-content\/uploads\/2025\/01\/IMG_8637-1024x768.jpg\" alt=\"\" class=\"wp-image-3623\" srcset=\"http:\/\/fcb-fanclub.de\/wp-content\/uploads\/2025\/01\/IMG_8637-1024x768.jpg 1024w, http:\/\/fcb-fanclub.de\/wp-content\/uploads\/2025\/01\/IMG_8637-300x225.jpg 300w, http:\/\/fcb-fanclub.de\/wp-content\/uploads\/2025\/01\/IMG_8637-768x576.jpg 768w, http:\/\/fcb-fanclub.de\/wp-content\/uploads\/2025\/01\/IMG_8637-1536x1152.jpg 1536w, http:\/\/fcb-fanclub.de\/wp-content\/uploads\/2025\/01\/IMG_8637-2048x1536.jpg 2048w, http:\/\/fcb-fanclub.de\/wp-content\/uploads\/2025\/01\/IMG_8637-400x300.jpg 400w\" sizes=\"(max-width: 1024px) 100vw, 1024px\" \/><\/a><\/figure>\n\n\n\n<figure class=\"wp-block-image size-large\"><a href=\"http:\/\/fcb-fanclub.de\/wp-content\/uploads\/2025\/01\/IMG_8638-scaled.jpg\"><img decoding=\"async\" loading=\"lazy\" width=\"1024\" height=\"768\" data-id=\"3622\"  src=\"http:\/\/fcb-fanclub.de\/wp-content\/uploads\/2025\/01\/IMG_8638-1024x768.jpg\" alt=\"\" class=\"wp-image-3622\" srcset=\"http:\/\/fcb-fanclub.de\/wp-content\/uploads\/2025\/01\/IMG_8638-1024x768.jpg 1024w, http:\/\/fcb-fanclub.de\/wp-content\/uploads\/2025\/01\/IMG_8638-300x225.jpg 300w, http:\/\/fcb-fanclub.de\/wp-content\/uploads\/2025\/01\/IMG_8638-768x576.jpg 768w, http:\/\/fcb-fanclub.de\/wp-content\/uploads\/2025\/01\/IMG_8638-1536x1152.jpg 1536w, http:\/\/fcb-fanclub.de\/wp-content\/uploads\/2025\/01\/IMG_8638-2048x1536.jpg 2048w, http:\/\/fcb-fanclub.de\/wp-content\/uploads\/2025\/01\/IMG_8638-400x300.jpg 400w\" sizes=\"(max-width: 1024px) 100vw, 1024px\" \/><\/a><\/figure>\n<\/figure>\n","protected":false},"excerpt":{"rendered":"<p>Das Clubheim des Bayern Fanclub Au\/Hallertau wurde am 14.02.2000 er\u00f6ffnet und ist seit dem der Treffpunkt f\u00fcr alle Mitglieder des Fanclubs. \u00d6ffnungszeitenmindestens 30 min vor Anpfiff aller Bayern-SpieleUntere Hauptstra\u00dfe 20 |&nbsp;84072 Au\/Hallertau Hier einige Eindr\u00fccke aus unserem St\u00fcberl&#8230;<\/p>\n","protected":false},"author":7,"featured_media":0,"parent":98,"menu_order":3,"comment_status":"closed","ping_status":"open","template":"","meta":{"ngg_post_thumbnail":0},"_links":{"self":[{"href":"http:\/\/fcb-fanclub.de\/index.php?rest_route=\/wp\/v2\/pages\/100"}],"collection":[{"href":"http:\/\/fcb-fanclub.de\/index.php?rest_route=\/wp\/v2\/pages"}],"about":[{"href":"http:\/\/fcb-fanclub.de\/index.php?rest_route=\/wp\/v2\/types\/page"}],"author":[{"embeddable":true,"href":"http:\/\/fcb-fanclub.de\/index.php?rest_route=\/wp\/v2\/users\/7"}],"replies":[{"embeddable":true,"href":"http:\/\/fcb-fanclub.de\/index.php?rest_route=%2Fwp%2Fv2%2Fcomments&post=100"}],"version-history":[{"count":12,"href":"http:\/\/fcb-fanclub.de\/index.php?rest_route=\/wp\/v2\/pages\/100\/revisions"}],"predecessor-version":[{"id":3630,"href":"http:\/\/fcb-fanclub.de\/index.php?rest_route=\/wp\/v2\/pages\/100\/revisions\/3630"}],"up":[{"embeddable":true,"href":"http:\/\/fcb-fanclub.de\/index.php?rest_route=\/wp\/v2\/pages\/98"}],"wp:attachment":[{"href":"http:\/\/fcb-fanclub.de\/index.php?rest_route=%2Fwp%2Fv2%2Fmedia&parent=100"}],"curies":[{"name":"wp","href":"https:\/\/api.w.org\/{rel}","templated":true}]}}